{"id":4278,"date":"2026-04-20T19:24:43","date_gmt":"2026-04-20T17:24:43","guid":{"rendered":"http:\/\/localhost\/borema_new\/materialanfrage\/"},"modified":"2026-04-21T15:09:02","modified_gmt":"2026-04-21T13:09:02","slug":"materialanfrage","status":"publish","type":"page","link":"https:\/\/www.borema.ch\/fr\/demande-de-materiel.html","title":{"rendered":"Demande de mat\u00e9riel"},"content":{"rendered":"","protected":false},"excerpt":{"rendered":"<p>Sie interessieren sich f\u00fcr unsere Materialien? Senden Sie uns Ihre Anfrage \u2013 wir beraten Sie gerne individuell.<\/p>\n","protected":false},"author":2,"featured_media":4159,"parent":0,"menu_order":0,"comment_status":"closed","ping_status":"closed","template":"template-acf.php","meta":{"_acf_changed":false,"footnotes":""},"class_list":["post-4278","page","type-page","status-publish","has-post-thumbnail","hentry"],"acf":[],"yoast_head":"<!-- This site is optimized with the Yoast SEO plugin v27.5 - https:\/\/yoast.com\/product\/yoast-seo-wordpress\/ -->\n<title>Demande de mat\u00e9riel - Borema Umwelttechnik AG<\/title>\n<meta name=\"description\" content=\"Demande de mat\u00e9riel - Unser Markt ist die Recycling- und Entsorgungsindustrie unsere Passion sind innovative L\u00f6sungen.\" \/>\n<meta name=\"robots\" content=\"index, follow, max-snippet:-1, max-image-preview:large, max-video-preview:-1\" \/>\n<link rel=\"canonical\" href=\"https:\/\/www.borema.ch\/fr\/demande-de-materiel.html\" \/>\n<meta property=\"og:locale\" content=\"fr_FR\" \/>\n<meta property=\"og:type\" content=\"article\" \/>\n<meta property=\"og:title\" content=\"Demande de mat\u00e9riel - Borema Umwelttechnik AG\" \/>\n<meta property=\"og:description\" content=\"Demande de mat\u00e9riel - Unser Markt ist die Recycling- und Entsorgungsindustrie unsere Passion sind innovative L\u00f6sungen.\" \/>\n<meta property=\"og:url\" content=\"https:\/\/www.borema.ch\/fr\/demande-de-materiel.html\" \/>\n<meta property=\"og:site_name\" content=\"Borema Umwelttechnik AG\" \/>\n<meta property=\"article:modified_time\" content=\"2026-04-21T13:09:02+00:00\" \/>\n<meta name=\"twitter:card\" content=\"summary_large_image\" \/>\n<meta name=\"twitter:label1\" content=\"Dur\u00e9e de lecture estim\u00e9e\" \/>\n\t<meta name=\"twitter:data1\" content=\"1 minute\" \/>\n<script type=\"application\/ld+json\" class=\"yoast-schema-graph\">{\"@context\":\"https:\\\/\\\/schema.org\",\"@graph\":[{\"@type\":\"WebPage\",\"@id\":\"https:\\\/\\\/www.borema.ch\\\/fr\\\/demande-de-materiel.html\",\"url\":\"https:\\\/\\\/www.borema.ch\\\/fr\\\/demande-de-materiel.html\",\"name\":\"Demande de mat\u00e9riel - Borema Umwelttechnik AG\",\"isPartOf\":{\"@id\":\"https:\\\/\\\/www.borema.ch\\\/fr\\\/#website\"},\"primaryImageOfPage\":{\"@id\":\"https:\\\/\\\/www.borema.ch\\\/fr\\\/demande-de-materiel.html#primaryimage\"},\"image\":{\"@id\":\"https:\\\/\\\/www.borema.ch\\\/fr\\\/demande-de-materiel.html#primaryimage\"},\"thumbnailUrl\":\"https:\\\/\\\/www.borema.ch\\\/wp-content\\\/uploads\\\/2026\\\/04\\\/icon-material.svg\",\"datePublished\":\"2026-04-20T17:24:43+00:00\",\"dateModified\":\"2026-04-21T13:09:02+00:00\",\"description\":\"Demande de mat\u00e9riel - Unser Markt ist die Recycling- und Entsorgungsindustrie unsere Passion sind innovative L\u00f6sungen.\",\"breadcrumb\":{\"@id\":\"https:\\\/\\\/www.borema.ch\\\/fr\\\/demande-de-materiel.html#breadcrumb\"},\"inLanguage\":\"fr-FR\",\"potentialAction\":[{\"@type\":\"ReadAction\",\"target\":[\"https:\\\/\\\/www.borema.ch\\\/fr\\\/demande-de-materiel.html\"]}]},{\"@type\":\"ImageObject\",\"inLanguage\":\"fr-FR\",\"@id\":\"https:\\\/\\\/www.borema.ch\\\/fr\\\/demande-de-materiel.html#primaryimage\",\"url\":\"https:\\\/\\\/www.borema.ch\\\/wp-content\\\/uploads\\\/2026\\\/04\\\/icon-material.svg\",\"contentUrl\":\"https:\\\/\\\/www.borema.ch\\\/wp-content\\\/uploads\\\/2026\\\/04\\\/icon-material.svg\"},{\"@type\":\"BreadcrumbList\",\"@id\":\"https:\\\/\\\/www.borema.ch\\\/fr\\\/demande-de-materiel.html#breadcrumb\",\"itemListElement\":[{\"@type\":\"ListItem\",\"position\":1,\"name\":\"Home\",\"item\":\"https:\\\/\\\/www.borema.ch\\\/fr\\\/\"},{\"@type\":\"ListItem\",\"position\":2,\"name\":\"Demande de mat\u00e9riel\"}]},{\"@type\":\"WebSite\",\"@id\":\"https:\\\/\\\/www.borema.ch\\\/fr\\\/#website\",\"url\":\"https:\\\/\\\/www.borema.ch\\\/fr\\\/\",\"name\":\"Borema Umwelttechnik AG\",\"description\":\"\",\"publisher\":{\"@id\":\"https:\\\/\\\/www.borema.ch\\\/fr\\\/#organization\"},\"potentialAction\":[{\"@type\":\"SearchAction\",\"target\":{\"@type\":\"EntryPoint\",\"urlTemplate\":\"https:\\\/\\\/www.borema.ch\\\/fr\\\/?s={search_term_string}\"},\"query-input\":{\"@type\":\"PropertyValueSpecification\",\"valueRequired\":true,\"valueName\":\"search_term_string\"}}],\"inLanguage\":\"fr-FR\"},{\"@type\":\"Organization\",\"@id\":\"https:\\\/\\\/www.borema.ch\\\/fr\\\/#organization\",\"name\":\"Borema Umwelttechnik AG\",\"url\":\"https:\\\/\\\/www.borema.ch\\\/fr\\\/\",\"logo\":{\"@type\":\"ImageObject\",\"inLanguage\":\"fr-FR\",\"@id\":\"https:\\\/\\\/www.borema.ch\\\/fr\\\/#\\\/schema\\\/logo\\\/image\\\/\",\"url\":\"https:\\\/\\\/www.borema.ch\\\/wp-content\\\/uploads\\\/2026\\\/04\\\/logo-1.svg\",\"contentUrl\":\"https:\\\/\\\/www.borema.ch\\\/wp-content\\\/uploads\\\/2026\\\/04\\\/logo-1.svg\",\"caption\":\"Borema Umwelttechnik AG\"},\"image\":{\"@id\":\"https:\\\/\\\/www.borema.ch\\\/fr\\\/#\\\/schema\\\/logo\\\/image\\\/\"}}]}<\/script>\n<!-- \/ Yoast SEO plugin. -->","yoast_head_json":{"title":"Demande de mat\u00e9riel - Borema Umwelttechnik AG","description":"Demande de mat\u00e9riel - Unser Markt ist die Recycling- und Entsorgungsindustrie unsere Passion sind innovative L\u00f6sungen.","robots":{"index":"index","follow":"follow","max-snippet":"max-snippet:-1","max-image-preview":"max-image-preview:large","max-video-preview":"max-video-preview:-1"},"canonical":"https:\/\/www.borema.ch\/fr\/demande-de-materiel.html","og_locale":"fr_FR","og_type":"article","og_title":"Demande de mat\u00e9riel - Borema Umwelttechnik AG","og_description":"Demande de mat\u00e9riel - Unser Markt ist die Recycling- und Entsorgungsindustrie unsere Passion sind innovative L\u00f6sungen.","og_url":"https:\/\/www.borema.ch\/fr\/demande-de-materiel.html","og_site_name":"Borema Umwelttechnik AG","article_modified_time":"2026-04-21T13:09:02+00:00","twitter_card":"summary_large_image","twitter_misc":{"Dur\u00e9e de lecture estim\u00e9e":"1 minute"},"schema":{"@context":"https:\/\/schema.org","@graph":[{"@type":"WebPage","@id":"https:\/\/www.borema.ch\/fr\/demande-de-materiel.html","url":"https:\/\/www.borema.ch\/fr\/demande-de-materiel.html","name":"Demande de mat\u00e9riel - Borema Umwelttechnik AG","isPartOf":{"@id":"https:\/\/www.borema.ch\/fr\/#website"},"primaryImageOfPage":{"@id":"https:\/\/www.borema.ch\/fr\/demande-de-materiel.html#primaryimage"},"image":{"@id":"https:\/\/www.borema.ch\/fr\/demande-de-materiel.html#primaryimage"},"thumbnailUrl":"https:\/\/www.borema.ch\/wp-content\/uploads\/2026\/04\/icon-material.svg","datePublished":"2026-04-20T17:24:43+00:00","dateModified":"2026-04-21T13:09:02+00:00","description":"Demande de mat\u00e9riel - Unser Markt ist die Recycling- und Entsorgungsindustrie unsere Passion sind innovative L\u00f6sungen.","breadcrumb":{"@id":"https:\/\/www.borema.ch\/fr\/demande-de-materiel.html#breadcrumb"},"inLanguage":"fr-FR","potentialAction":[{"@type":"ReadAction","target":["https:\/\/www.borema.ch\/fr\/demande-de-materiel.html"]}]},{"@type":"ImageObject","inLanguage":"fr-FR","@id":"https:\/\/www.borema.ch\/fr\/demande-de-materiel.html#primaryimage","url":"https:\/\/www.borema.ch\/wp-content\/uploads\/2026\/04\/icon-material.svg","contentUrl":"https:\/\/www.borema.ch\/wp-content\/uploads\/2026\/04\/icon-material.svg"},{"@type":"BreadcrumbList","@id":"https:\/\/www.borema.ch\/fr\/demande-de-materiel.html#breadcrumb","itemListElement":[{"@type":"ListItem","position":1,"name":"Home","item":"https:\/\/www.borema.ch\/fr\/"},{"@type":"ListItem","position":2,"name":"Demande de mat\u00e9riel"}]},{"@type":"WebSite","@id":"https:\/\/www.borema.ch\/fr\/#website","url":"https:\/\/www.borema.ch\/fr\/","name":"Borema Umwelttechnik AG","description":"","publisher":{"@id":"https:\/\/www.borema.ch\/fr\/#organization"},"potentialAction":[{"@type":"SearchAction","target":{"@type":"EntryPoint","urlTemplate":"https:\/\/www.borema.ch\/fr\/?s={search_term_string}"},"query-input":{"@type":"PropertyValueSpecification","valueRequired":true,"valueName":"search_term_string"}}],"inLanguage":"fr-FR"},{"@type":"Organization","@id":"https:\/\/www.borema.ch\/fr\/#organization","name":"Borema Umwelttechnik AG","url":"https:\/\/www.borema.ch\/fr\/","logo":{"@type":"ImageObject","inLanguage":"fr-FR","@id":"https:\/\/www.borema.ch\/fr\/#\/schema\/logo\/image\/","url":"https:\/\/www.borema.ch\/wp-content\/uploads\/2026\/04\/logo-1.svg","contentUrl":"https:\/\/www.borema.ch\/wp-content\/uploads\/2026\/04\/logo-1.svg","caption":"Borema Umwelttechnik AG"},"image":{"@id":"https:\/\/www.borema.ch\/fr\/#\/schema\/logo\/image\/"}}]}},"_links":{"self":[{"href":"https:\/\/www.borema.ch\/fr\/wp-json\/wp\/v2\/pages\/4278","targetHints":{"allow":["GET"]}}],"collection":[{"href":"https:\/\/www.borema.ch\/fr\/wp-json\/wp\/v2\/pages"}],"about":[{"href":"https:\/\/www.borema.ch\/fr\/wp-json\/wp\/v2\/types\/page"}],"author":[{"embeddable":true,"href":"https:\/\/www.borema.ch\/fr\/wp-json\/wp\/v2\/users\/2"}],"replies":[{"embeddable":true,"href":"https:\/\/www.borema.ch\/fr\/wp-json\/wp\/v2\/comments?post=4278"}],"version-history":[{"count":1,"href":"https:\/\/www.borema.ch\/fr\/wp-json\/wp\/v2\/pages\/4278\/revisions"}],"predecessor-version":[{"id":4280,"href":"https:\/\/www.borema.ch\/fr\/wp-json\/wp\/v2\/pages\/4278\/revisions\/4280"}],"wp:featuredmedia":[{"embeddable":true,"href":"https:\/\/www.borema.ch\/fr\/wp-json\/wp\/v2\/media\/4159"}],"wp:attachment":[{"href":"https:\/\/www.borema.ch\/fr\/wp-json\/wp\/v2\/media?parent=4278"}],"curies":[{"name":"wp","href":"https:\/\/api.w.org\/{rel}","templated":true}]}}